{"id":25,"date":"2015-11-26T21:12:26","date_gmt":"2015-11-26T19:12:26","guid":{"rendered":"https:\/\/vgrutv.wordpress.com\/?page_id=25"},"modified":"2022-07-12T23:21:32","modified_gmt":"2022-07-12T21:21:32","slug":"om-bloggen","status":"publish","type":"page","link":"https:\/\/vgrblogg.se\/utveckling\/om-bloggen\/","title":{"rendered":"Om bloggen"},"content":{"rendered":"<p>Utvecklingsbloggen handlar endast om regionens (ofta digitala) utveckling &#8211; av de som jobbar med densamma. F\u00f6r allm\u00e4nt orienterade funderingar kan du bes\u00f6ka <a href=\"http:\/\/vgregion.se\">vgregion.se<\/a><\/p>\n<h2>Tillt\u00e4nkt m\u00e5lgrupp<\/h2>\n<p>Denna blogg \u00e4r till f\u00f6r dig som jobbar med digital verksamhetsutveckling inom offentlig sektor, eller m\u00f6jligen jobbar som leverant\u00f6r eller samarbetspartner.<\/p>\n<h3>Syftet med utvecklingsbloggen \u00e4r samverkan<\/h3>\n<p>Vi hoppas kunna dela med oss av resultatet fr\u00e5n v\u00e5rt arbete. Det vi l\u00e4gger ut \u00e4r s\u00e5dant d\u00e4r vi:<\/p>\n<ul>\n<li>Vill l\u00e5ta andra f\u00e5 insyn.<\/li>\n<li>Lyfter fram intressanta initiativ.<\/li>\n<li>Vill f\u00e5 \u00e5terkoppling fr\u00e5n externa parter.<\/li>\n<li>G\u00e4rna\u00a0delar med oss av s\u00e5dant vi tror andra kan ha nytta av.<\/li>\n<\/ul>\n<h2>De som skriver p\u00e5 bloggen \u00e4r&#8230;<\/h2>\n<p>Planen \u00e4r att fler ska ansluta allt eftersom. Jobbar du med utveckling inom VGR s\u00e5 kontakta marcus.osterberg (a) vgregion.se f\u00f6r instruktioner om hur du kan bidra.<\/p>\n<ul>\n<li><strong>Almira Thunstr\u00f6m<\/strong> skriver om robotik.<\/li>\n<li><strong>Magnus Nilsson<\/strong> jobbar som GIS-samordnare. Hans inl\u00e4gg kommer du hitta under kategorin <a href=\"https:\/\/vgrutv.wordpress.com\/category\/geo-perspektiv\/\">Geo-perspektiv<\/a>.<\/li>\n<li><del><strong><a href=\"https:\/\/marcusosterberg.se\/\">Marcus \u00d6sterberg<\/a><\/strong>\u00a0&#8211; jobbade som utvecklingsledare inom avdelningen V\u00e5rdens digitalisering.<\/del><\/li>\n<li><del><strong>Pernilla Frost<\/strong> jobbar med GIS-fr\u00e5gor.<\/del><\/li>\n<\/ul>\n<h2>Andra platser d\u00e4r V\u00e4stra G\u00f6talandsregionen jobbar med utveckling<\/h2>\n<ul>\n<li><a href=\"http:\/\/vastra-gotalandsregionen.github.io\/oppna-program\/\">\u00d6ppna program p\u00e5 Github<\/a> samlar projekt inom \u00f6ppen k\u00e4llkod och \u00f6ppen dokumentation.<\/li>\n<\/ul>\n","protected":false},"excerpt":{"rendered":"<p>Utvecklingsbloggen handlar endast om regionens (ofta digitala) utveckling &#8211; av de som jobbar med densamma. F\u00f6r allm\u00e4nt orienterade funderingar kan du bes\u00f6ka vgregion.se Tillt\u00e4nkt m\u00e5lgrupp Denna blogg \u00e4r till f\u00f6r dig som jobbar med digital verksamhetsutveckling inom offentlig sektor, eller m\u00f6jligen jobbar som leverant\u00f6r eller samarbetspartner. Syftet med utvecklingsbloggen \u00e4r samverkan Vi hoppas kunna dela &hellip; <\/p>\n<p class=\"link-more\"><a href=\"https:\/\/vgrblogg.se\/utveckling\/om-bloggen\/\" class=\"more-link\">Forts\u00e4tt l\u00e4sa<span class=\"screen-reader-text\"> \u201dOm bloggen\u201d<\/span><\/a><\/p>\n","protected":false},"author":3,"featured_media":0,"parent":0,"menu_order":0,"comment_status":"closed","ping_status":"closed","template":"","meta":{"footnotes":""},"class_list":["post-25","page","type-page","status-publish","hentry"],"yoast_head":"<!-- This site is optimized with the Yoast SEO plugin v25.6 - https:\/\/yoast.com\/wordpress\/plugins\/seo\/ -->\n<title>Om bloggen &#8212; Utveckling i VGR<\/title>\n<meta name=\"robots\" content=\"index, follow, max-snippet:-1, max-image-preview:large, max-video-preview:-1\" \/>\n<link rel=\"canonical\" href=\"https:\/\/vgrblogg.se\/utveckling\/om-bloggen\/\" \/>\n<meta property=\"og:locale\" content=\"sv_SE\" \/>\n<meta property=\"og:type\" content=\"article\" \/>\n<meta property=\"og:title\" content=\"Om bloggen &#8212; Utveckling i VGR\" \/>\n<meta property=\"og:description\" content=\"Utvecklingsbloggen handlar endast om regionens (ofta digitala) utveckling &#8211; av de som jobbar med densamma. F\u00f6r allm\u00e4nt orienterade funderingar kan du bes\u00f6ka vgregion.se Tillt\u00e4nkt m\u00e5lgrupp Denna blogg \u00e4r till f\u00f6r dig som jobbar med digital verksamhetsutveckling inom offentlig sektor, eller m\u00f6jligen jobbar som leverant\u00f6r eller samarbetspartner. Syftet med utvecklingsbloggen \u00e4r samverkan Vi hoppas kunna dela &hellip; Forts\u00e4tt l\u00e4sa \u201dOm bloggen\u201d\" \/>\n<meta property=\"og:url\" content=\"https:\/\/vgrblogg.se\/utveckling\/om-bloggen\/\" \/>\n<meta property=\"og:site_name\" content=\"Utveckling i VGR\" \/>\n<meta property=\"article:modified_time\" content=\"2022-07-12T21:21:32+00:00\" \/>\n<meta name=\"twitter:card\" content=\"summary_large_image\" \/>\n<meta name=\"twitter:label1\" content=\"Ber\u00e4knad l\u00e4stid\" \/>\n\t<meta name=\"twitter:data1\" content=\"1 minut\" \/>\n<script type=\"application\/ld+json\" class=\"yoast-schema-graph\">{\"@context\":\"https:\/\/schema.org\",\"@graph\":[{\"@type\":\"WebPage\",\"@id\":\"https:\/\/vgrblogg.se\/utveckling\/om-bloggen\/\",\"url\":\"https:\/\/vgrblogg.se\/utveckling\/om-bloggen\/\",\"name\":\"Om bloggen &#8212; Utveckling i VGR\",\"isPartOf\":{\"@id\":\"https:\/\/vgrblogg.se\/utveckling\/#website\"},\"datePublished\":\"2015-11-26T19:12:26+00:00\",\"dateModified\":\"2022-07-12T21:21:32+00:00\",\"breadcrumb\":{\"@id\":\"https:\/\/vgrblogg.se\/utveckling\/om-bloggen\/#breadcrumb\"},\"inLanguage\":\"sv-SE\",\"potentialAction\":[{\"@type\":\"ReadAction\",\"target\":[\"https:\/\/vgrblogg.se\/utveckling\/om-bloggen\/\"]}]},{\"@type\":\"BreadcrumbList\",\"@id\":\"https:\/\/vgrblogg.se\/utveckling\/om-bloggen\/#breadcrumb\",\"itemListElement\":[{\"@type\":\"ListItem\",\"position\":1,\"name\":\"Hem\",\"item\":\"https:\/\/vgrblogg.se\/utveckling\/\"},{\"@type\":\"ListItem\",\"position\":2,\"name\":\"Om bloggen\"}]},{\"@type\":\"WebSite\",\"@id\":\"https:\/\/vgrblogg.se\/utveckling\/#website\",\"url\":\"https:\/\/vgrblogg.se\/utveckling\/\",\"name\":\"Utveckling i VGR\",\"description\":\"Inblick i utvecklingsarbetet inom VGR\",\"publisher\":{\"@id\":\"https:\/\/vgrblogg.se\/utveckling\/#organization\"},\"potentialAction\":[{\"@type\":\"SearchAction\",\"target\":{\"@type\":\"EntryPoint\",\"urlTemplate\":\"https:\/\/vgrblogg.se\/utveckling\/?s={search_term_string}\"},\"query-input\":{\"@type\":\"PropertyValueSpecification\",\"valueRequired\":true,\"valueName\":\"search_term_string\"}}],\"inLanguage\":\"sv-SE\"},{\"@type\":\"Organization\",\"@id\":\"https:\/\/vgrblogg.se\/utveckling\/#organization\",\"name\":\"Utveckling i VGR\",\"url\":\"https:\/\/vgrblogg.se\/utveckling\/\",\"logo\":{\"@type\":\"ImageObject\",\"inLanguage\":\"sv-SE\",\"@id\":\"https:\/\/vgrblogg.se\/utveckling\/#\/schema\/logo\/image\/\",\"url\":\"https:\/\/vgrblogg.se\/utveckling\/wp-content\/uploads\/sites\/3\/2018\/02\/cropped-logotype_color-1.png\",\"contentUrl\":\"https:\/\/vgrblogg.se\/utveckling\/wp-content\/uploads\/sites\/3\/2018\/02\/cropped-logotype_color-1.png\",\"width\":1234,\"height\":250,\"caption\":\"Utveckling i VGR\"},\"image\":{\"@id\":\"https:\/\/vgrblogg.se\/utveckling\/#\/schema\/logo\/image\/\"}}]}<\/script>\n<!-- \/ Yoast SEO plugin. -->","yoast_head_json":{"title":"Om bloggen &#8212; Utveckling i VGR","robots":{"index":"index","follow":"follow","max-snippet":"max-snippet:-1","max-image-preview":"max-image-preview:large","max-video-preview":"max-video-preview:-1"},"canonical":"https:\/\/vgrblogg.se\/utveckling\/om-bloggen\/","og_locale":"sv_SE","og_type":"article","og_title":"Om bloggen &#8212; Utveckling i VGR","og_description":"Utvecklingsbloggen handlar endast om regionens (ofta digitala) utveckling &#8211; av de som jobbar med densamma. F\u00f6r allm\u00e4nt orienterade funderingar kan du bes\u00f6ka vgregion.se Tillt\u00e4nkt m\u00e5lgrupp Denna blogg \u00e4r till f\u00f6r dig som jobbar med digital verksamhetsutveckling inom offentlig sektor, eller m\u00f6jligen jobbar som leverant\u00f6r eller samarbetspartner. Syftet med utvecklingsbloggen \u00e4r samverkan Vi hoppas kunna dela &hellip; Forts\u00e4tt l\u00e4sa \u201dOm bloggen\u201d","og_url":"https:\/\/vgrblogg.se\/utveckling\/om-bloggen\/","og_site_name":"Utveckling i VGR","article_modified_time":"2022-07-12T21:21:32+00:00","twitter_card":"summary_large_image","twitter_misc":{"Ber\u00e4knad l\u00e4stid":"1 minut"},"schema":{"@context":"https:\/\/schema.org","@graph":[{"@type":"WebPage","@id":"https:\/\/vgrblogg.se\/utveckling\/om-bloggen\/","url":"https:\/\/vgrblogg.se\/utveckling\/om-bloggen\/","name":"Om bloggen &#8212; Utveckling i VGR","isPartOf":{"@id":"https:\/\/vgrblogg.se\/utveckling\/#website"},"datePublished":"2015-11-26T19:12:26+00:00","dateModified":"2022-07-12T21:21:32+00:00","breadcrumb":{"@id":"https:\/\/vgrblogg.se\/utveckling\/om-bloggen\/#breadcrumb"},"inLanguage":"sv-SE","potentialAction":[{"@type":"ReadAction","target":["https:\/\/vgrblogg.se\/utveckling\/om-bloggen\/"]}]},{"@type":"BreadcrumbList","@id":"https:\/\/vgrblogg.se\/utveckling\/om-bloggen\/#breadcrumb","itemListElement":[{"@type":"ListItem","position":1,"name":"Hem","item":"https:\/\/vgrblogg.se\/utveckling\/"},{"@type":"ListItem","position":2,"name":"Om bloggen"}]},{"@type":"WebSite","@id":"https:\/\/vgrblogg.se\/utveckling\/#website","url":"https:\/\/vgrblogg.se\/utveckling\/","name":"Utveckling i VGR","description":"Inblick i utvecklingsarbetet inom VGR","publisher":{"@id":"https:\/\/vgrblogg.se\/utveckling\/#organization"},"potentialAction":[{"@type":"SearchAction","target":{"@type":"EntryPoint","urlTemplate":"https:\/\/vgrblogg.se\/utveckling\/?s={search_term_string}"},"query-input":{"@type":"PropertyValueSpecification","valueRequired":true,"valueName":"search_term_string"}}],"inLanguage":"sv-SE"},{"@type":"Organization","@id":"https:\/\/vgrblogg.se\/utveckling\/#organization","name":"Utveckling i VGR","url":"https:\/\/vgrblogg.se\/utveckling\/","logo":{"@type":"ImageObject","inLanguage":"sv-SE","@id":"https:\/\/vgrblogg.se\/utveckling\/#\/schema\/logo\/image\/","url":"https:\/\/vgrblogg.se\/utveckling\/wp-content\/uploads\/sites\/3\/2018\/02\/cropped-logotype_color-1.png","contentUrl":"https:\/\/vgrblogg.se\/utveckling\/wp-content\/uploads\/sites\/3\/2018\/02\/cropped-logotype_color-1.png","width":1234,"height":250,"caption":"Utveckling i VGR"},"image":{"@id":"https:\/\/vgrblogg.se\/utveckling\/#\/schema\/logo\/image\/"}}]}},"_links":{"self":[{"href":"https:\/\/vgrblogg.se\/utveckling\/wp-json\/wp\/v2\/pages\/25"}],"collection":[{"href":"https:\/\/vgrblogg.se\/utveckling\/wp-json\/wp\/v2\/pages"}],"about":[{"href":"https:\/\/vgrblogg.se\/utveckling\/wp-json\/wp\/v2\/types\/page"}],"author":[{"embeddable":true,"href":"https:\/\/vgrblogg.se\/utveckling\/wp-json\/wp\/v2\/users\/3"}],"replies":[{"embeddable":true,"href":"https:\/\/vgrblogg.se\/utveckling\/wp-json\/wp\/v2\/comments?post=25"}],"version-history":[{"count":3,"href":"https:\/\/vgrblogg.se\/utveckling\/wp-json\/wp\/v2\/pages\/25\/revisions"}],"predecessor-version":[{"id":2871,"href":"https:\/\/vgrblogg.se\/utveckling\/wp-json\/wp\/v2\/pages\/25\/revisions\/2871"}],"wp:attachment":[{"href":"https:\/\/vgrblogg.se\/utveckling\/wp-json\/wp\/v2\/media?parent=25"}],"curies":[{"name":"wp","href":"https:\/\/api.w.org\/{rel}","templated":true}]}}